{"id":156,"date":"2024-05-08T01:22:14","date_gmt":"2024-05-07T23:22:14","guid":{"rendered":"https:\/\/www.nebens.eu\/impressum\/"},"modified":"2024-07-31T12:51:05","modified_gmt":"2024-07-31T10:51:05","slug":"impressum","status":"publish","type":"page","link":"https:\/\/www.nebens.eu\/en\/impressum\/","title":{"rendered":"Impressum"},"content":{"rendered":"<p>[et_pb_section fb_built=&#8221;1&#8243; _builder_version=&#8221;4.24.2&#8243; _module_preset=&#8221;default&#8221; custom_padding=&#8221;0px||0px||false|false&#8221; global_colors_info=&#8221;{}&#8221;][et_pb_row _builder_version=&#8221;4.24.2&#8243; _module_preset=&#8221;default&#8221; global_colors_info=&#8221;{}&#8221;][et_pb_column type=&#8221;4_4&#8243; _builder_version=&#8221;4.24.2&#8243; _module_preset=&#8221;default&#8221; global_colors_info=&#8221;{}&#8221;][et_pb_text _builder_version=&#8221;4.24.2&#8243; _module_preset=&#8221;default&#8221; text_font_size=&#8221;22px&#8221; text_orientation=&#8221;center&#8221; custom_margin=&#8221;||16px||false|false&#8221; custom_padding=&#8221;108px||108px||false|false&#8221; global_colors_info=&#8221;{}&#8221;]<\/p>\n<p>Impressum<\/p>\n<p>[\/et_pb_text][et_pb_menu menu_id=&#8221;4&#8243; module_class=&#8221;no_hamburger lang_selector&#8221; _builder_version=&#8221;4.25.0&#8243; _module_preset=&#8221;default&#8221; menu_font=&#8221;|600||on|||||&#8221; text_orientation=&#8221;right&#8221; global_colors_info=&#8221;{}&#8221;][\/et_pb_menu][\/et_pb_column][\/et_pb_row][\/et_pb_section][et_pb_section fb_built=&#8221;1&#8243; fullwidth=&#8221;on&#8221; _builder_version=&#8221;4.24.2&#8243; _module_preset=&#8221;default&#8221; global_colors_info=&#8221;{}&#8221;][et_pb_fullwidth_image src=&#8221;https:\/\/www.nebens.eu\/wp-content\/uploads\/2024\/05\/hero-ulrich-benedum-reagenz.jpg&#8221; alt=&#8221;nebens IP &#8211; Your attorneys for patents, trade marks and searches&#8221; title_text=&#8221;Impressum&#8221; _builder_version=&#8221;4.25.0&#8243; _module_preset=&#8221;default&#8221; global_colors_info=&#8221;{}&#8221;][\/et_pb_fullwidth_image][\/et_pb_section][et_pb_section fb_built=&#8221;1&#8243; _builder_version=&#8221;4.24.2&#8243; _module_preset=&#8221;default&#8221; global_colors_info=&#8221;{}&#8221;][et_pb_row _builder_version=&#8221;4.24.2&#8243; _module_preset=&#8221;default&#8221; custom_padding=&#8221;||||false|false&#8221; global_colors_info=&#8221;{}&#8221;][et_pb_column type=&#8221;4_4&#8243; _builder_version=&#8221;4.24.2&#8243; _module_preset=&#8221;default&#8221; global_colors_info=&#8221;{}&#8221;][et_pb_text _builder_version=&#8221;4.25.0&#8243; _module_preset=&#8221;default&#8221; global_colors_info=&#8221;{}&#8221;]<\/p>\n<h2>Benedum &amp; Partner\u00a0GbR, \u00a0Patentanw\u00e4lte<br \/>European Patent and Trademark Attorneys<\/p>\n<p>&#8220;NEBENS &#8211; Patente Marken Designs&#8221;<\/h2>\n<p>Umsatzsteuer-Identifikationsnummer gem\u00e4\u00df \u00a7 27 a Umsatzsteuergesetz: DE 300003302<\/p>\n<p>Vertretungsberechtige: Dr. Ulrich M.E. Benedum<\/p>\n<p>Oberf\u00f6hringer Stra\u00dfe 172<br \/>D-81925\u00a0M\u00fcnchen<\/p>\n<p>Fon: +49 89 45 240 237<br \/>Fax: +49 89\u00a045 240 239<br \/>E-Mail: munich@nebens.eu<\/p>\n<p>Berufsbezeichnung: Patentanwalt (Bundesrepublik Deutschland), zugelassener Vertreter vor dem Europ\u00e4ischen Patentamt (European Patent Attorney),\u00a0zugelassener Vertreter am Europ\u00e4ischen Amt f\u00fcr Geistiges Eigentum (Alicante)<\/p>\n<p>[\/et_pb_text][et_pb_text _builder_version=&#8221;4.24.2&#8243; _module_preset=&#8221;default&#8221; global_colors_info=&#8221;{}&#8221;]<\/p>\n<h4>Berufshaftpflichtversicherung:<\/h4>\n<p>R+V Allgemeine Versicherung AG, Verm\u00f6gensschaden-Haftpflichtversicherung Nr. 406\/25\/542090693<\/p>\n<p>Die vereinbarte Versicherungssumme der Partnerschaft betr\u00e4gt mindestens 2.500.000 EUR je Versicherungsfall.Die Jahresh\u00f6chstleistung des Versicherers f\u00fcr alle innerhalb eines Versicherungsjahres verursachten Sch\u00e4den berechnet sich wie folgt: Betrag der Mindestversicherungssumme vervielfacht mit der Zahl der Partner. Die Jahresh\u00f6chstleistung betr\u00e4gt jedoch mindestens das Vierfache der Mindestversicherungssumme, vgl. \u00a7 45a Absatz 2 Satz 3 PAO.<\/p>\n<h4>Berufsrechtliche Regelungen:<\/h4>\n<p>Zust\u00e4ndige Kammer:\u00a0 Patentanwaltskammer (Tal 29, 80331 M\u00fcnchen)<\/p>\n<p>Patentanwaltsordnung (BGBl. I 1966, S. 557, zuletzt ge\u00e4ndert durch BGBl. I 2001, S. 3656) Berufsordnung der Patentanw\u00e4lte (Mitt. 1997, 243 ff.) FICPI Standesregeln (www.ficpi.org\/ficpi\/aboutframe.html) Code of Professional Conduct des epi (epi-Information 2\/2001, S. 75)<\/p>\n<h4>Haftungshinweis<\/h4>\n<p>Inhaltlich Verantwortlicher gem\u00e4\u00df \u00a7 10 Absatz 3 MDStV: Dr. Ulrich M.E. Benedum<\/p>\n<p>Trotz sorgf\u00e4ltiger inhaltlicher Kontrolle \u00fcbernehmen wir keine Haftung f\u00fcr die Inhalte externer Links. F\u00fcr den Inhalt der verlinkten Seiten sind ausschlie\u00dflich deren Betreiber verantwortlich.<\/p>\n<h4>Webdesign<\/h4>\n<p>Die Website wurde von <a href=\"https:\/\/monika-sedivy.de\" target=\"_blank\" rel=\"noopener\">Monika Sedivy Webdesign<\/a> gestaltet und von <a href=\"mailto:stefan@imhoff.dev\">Stefan Imhoff<\/a> technisch umgesetzt.<\/p>\n<p>[\/et_pb_text][\/et_pb_column][\/et_pb_row][\/et_pb_section]<\/p>\n","protected":false},"excerpt":{"rendered":"<p>ImpressumBenedum &amp; Partner\u00a0GbR, \u00a0Patentanw\u00e4lteEuropean Patent and Trademark Attorneys&#8221;NEBENS &#8211; Patente Marken Designs&#8221; Umsatzsteuer-Identifikationsnummer gem\u00e4\u00df \u00a7 27 a Umsatzsteuergesetz: DE 300003302 Vertretungsberechtige: Dr. Ulrich M.E. Benedum Oberf\u00f6hringer Stra\u00dfe 172D-81925\u00a0M\u00fcnchen Fon: +49 89 45 240 237Fax: +49 89\u00a045 240 239E-Mail: munich@nebens.eu Berufsbezeichnung: Patentanwalt (Bundesrepublik Deutschland), zugelassener Vertreter vor dem Europ\u00e4ischen Patentamt (European Patent Attorney),\u00a0zugelassener Vertreter am Europ\u00e4ischen [&hellip;]<\/p>\n","protected":false},"author":1,"featured_media":0,"parent":0,"menu_order":0,"comment_status":"closed","ping_status":"closed","template":"","meta":{"_et_pb_use_builder":"on","_et_pb_old_content":"","_et_gb_content_width":"","footnotes":""},"class_list":["post-156","page","type-page","status-publish","hentry"],"_links":{"self":[{"href":"https:\/\/www.nebens.eu\/en\/wp-json\/wp\/v2\/pages\/156","targetHints":{"allow":["GET"]}}],"collection":[{"href":"https:\/\/www.nebens.eu\/en\/wp-json\/wp\/v2\/pages"}],"about":[{"href":"https:\/\/www.nebens.eu\/en\/wp-json\/wp\/v2\/types\/page"}],"author":[{"embeddable":true,"href":"https:\/\/www.nebens.eu\/en\/wp-json\/wp\/v2\/users\/1"}],"replies":[{"embeddable":true,"href":"https:\/\/www.nebens.eu\/en\/wp-json\/wp\/v2\/comments?post=156"}],"version-history":[{"count":8,"href":"https:\/\/www.nebens.eu\/en\/wp-json\/wp\/v2\/pages\/156\/revisions"}],"predecessor-version":[{"id":273,"href":"https:\/\/www.nebens.eu\/en\/wp-json\/wp\/v2\/pages\/156\/revisions\/273"}],"wp:attachment":[{"href":"https:\/\/www.nebens.eu\/en\/wp-json\/wp\/v2\/media?parent=156"}],"curies":[{"name":"wp","href":"https:\/\/api.w.org\/{rel}","templated":true}]}}