{"id":129,"date":"2024-05-02T19:24:09","date_gmt":"2024-05-02T17:24:09","guid":{"rendered":"https:\/\/www.nebens.eu\/home\/"},"modified":"2024-07-23T12:48:11","modified_gmt":"2024-07-23T10:48:11","slug":"home","status":"publish","type":"page","link":"https:\/\/www.nebens.eu\/en\/","title":{"rendered":"Home"},"content":{"rendered":"<p>[et_pb_section fb_built=&#8221;1&#8243; _builder_version=&#8221;4.24.2&#8243; _module_preset=&#8221;default&#8221; custom_padding=&#8221;0px||0px||false|false&#8221; global_colors_info=&#8221;{}&#8221;][et_pb_row _builder_version=&#8221;4.24.2&#8243; _module_preset=&#8221;default&#8221; global_colors_info=&#8221;{}&#8221;][et_pb_column type=&#8221;4_4&#8243; _builder_version=&#8221;4.24.2&#8243; _module_preset=&#8221;default&#8221; global_colors_info=&#8221;{}&#8221;][et_pb_text _builder_version=&#8221;4.24.2&#8243; _module_preset=&#8221;default&#8221; text_font_size=&#8221;22px&#8221; text_orientation=&#8221;center&#8221; custom_margin=&#8221;||16px||false|false&#8221; custom_padding=&#8221;108px||108px||false|false&#8221; global_colors_info=&#8221;{}&#8221;]We share your passion for science and innovation[\/et_pb_text][et_pb_menu menu_id=&#8221;4&#8243; module_class=&#8221;no_hamburger lang_selector&#8221; _builder_version=&#8221;4.25.0&#8243; _module_preset=&#8221;default&#8221; menu_font=&#8221;|600||on|||||&#8221; text_orientation=&#8221;right&#8221; global_colors_info=&#8221;{}&#8221;][\/et_pb_menu][\/et_pb_column][\/et_pb_row][\/et_pb_section][et_pb_section fb_built=&#8221;1&#8243; fullwidth=&#8221;on&#8221; _builder_version=&#8221;4.24.2&#8243; _module_preset=&#8221;default&#8221; global_colors_info=&#8221;{}&#8221;][et_pb_fullwidth_image src=&#8221;https:\/\/www.nebens.eu\/wp-content\/uploads\/2024\/05\/title-ulrich-benedum.jpg&#8221; alt=&#8221;nebens IP &#8211; Your attorneys for patents, trade marks and searches&#8221; title_text=&#8221;nebens IP &#8211; Your attorneys for patents, trade marks and searches&#8221; _builder_version=&#8221;4.24.2&#8243; _module_preset=&#8221;default&#8221; global_colors_info=&#8221;{}&#8221;][\/et_pb_fullwidth_image][\/et_pb_section][et_pb_section fb_built=&#8221;1&#8243; _builder_version=&#8221;4.24.2&#8243; _module_preset=&#8221;default&#8221; global_colors_info=&#8221;{}&#8221;][et_pb_row _builder_version=&#8221;4.24.2&#8243; _module_preset=&#8221;default&#8221; custom_padding=&#8221;||||false|false&#8221; global_colors_info=&#8221;{}&#8221;][et_pb_column type=&#8221;4_4&#8243; _builder_version=&#8221;4.24.2&#8243; _module_preset=&#8221;default&#8221; global_colors_info=&#8221;{}&#8221;][et_pb_text _builder_version=&#8221;4.25.0&#8243; _module_preset=&#8221;default&#8221; hover_enabled=&#8221;0&#8243; global_colors_info=&#8221;{}&#8221; sticky_enabled=&#8221;0&#8243;]<\/p>\n<p>NEBENS steht f\u00fcr unser Team aus Patentanw\u00e4lten, Ingenieuren und Wissenschaftlern zum Schutz des geistigen Eigentums in Deutschland, Europa und \u00dcbersee.\u00a0 Wir recherchieren und sch\u00fctzen weltweit Ihre Erfindung oder Entwicklung und beraten Sie\u00a0in allen Bereichen des gewerblichen Rechtsschutzes, auch\u00a0bez\u00fcglich Marketingstrategien.\u00a0<\/p>\n<p>Wir sind zugelassen\u00a0beim Deutschen Patent- und Markenamt, Europ\u00e4ischen Patentamt (M\u00fcnchen, Den Haag, Wien, Berlin), Europ\u00e4ischen Amt f\u00fcr geistiges Eigentum (EUIPO, Alicante),\u00a0 Internationalen B\u00fcro f\u00fcr geistiges Eigentum (WIPO, Genf).<\/p>\n<p>Unsere Mandanten sind\u00a0Firmen, Start-up-Unternehmen, Universit\u00e4ten\u00a0und\u00a0Kollegen aus Europa und \u00dcbersee.\u00a0<\/p>\n<p>NEBENS ber\u00e4t\u00a0Sie bei Erfindungen, Marken, Designs und Know-how. Profitieren Sie von unserer \u00fcber Jahrzehnte erworbenen Erfahrung!<\/p>\n<p>In Kooperation mit <a href=\"https:\/\/www.bckip.com\/\" target=\"_blank\" rel=\"noopener\">BCKIP Patentanw\u00e4lte Partnerschaft mbB, M\u00fcnchen<\/a><\/p>\n<p>[\/et_pb_text][\/et_pb_column][\/et_pb_row][et_pb_row column_structure=&#8221;1_3,1_3,1_3&#8243; _builder_version=&#8221;4.24.2&#8243; _module_preset=&#8221;default&#8221; global_colors_info=&#8221;{}&#8221;][et_pb_column type=&#8221;1_3&#8243; _builder_version=&#8221;4.24.2&#8243; _module_preset=&#8221;default&#8221; global_colors_info=&#8221;{}&#8221;][et_pb_blurb title=&#8221;Mechanical, Electronics&#8221; image=&#8221;https:\/\/www.nebens.eu\/wp-content\/uploads\/2024\/05\/icon_zahnrad.png&#8221; alt=&#8221;Mechanical, Electronics&#8221; icon_alignment=&#8221;left&#8221; _builder_version=&#8221;4.25.0&#8243; _module_preset=&#8221;default&#8221; global_colors_info=&#8221;{}&#8221;]Automotive systems, car, power electronics, body electronics, drive systems, machining, grinding, turning, digital signal processing, injection moulding, vibration analysis, motion control; high technology electronic, semiconductor, information processing and industrial testing, condition monitoring systems, laser, clean room technology; painting, sensors, <span class=\"read-more\"><a href=\"https:\/\/www.nebens.eu\/en\/trademarks-designs\/\" target=\"_blank\" rel=\"noopener\">click<\/a><\/span>[\/et_pb_blurb][\/et_pb_column][et_pb_column type=&#8221;1_3&#8243; _builder_version=&#8221;4.24.2&#8243; _module_preset=&#8221;default&#8221; global_colors_info=&#8221;{}&#8221;][et_pb_blurb title=&#8221;Life Science, Chemistry&#8221; image=&#8221;https:\/\/www.nebens.eu\/wp-content\/uploads\/2024\/05\/icon_dna2.png&#8221; alt=&#8221;Life Science, Chemistry&#8221; icon_alignment=&#8221;left&#8221; _builder_version=&#8221;4.25.0&#8243; _module_preset=&#8221;default&#8221; global_colors_info=&#8221;{}&#8221;]Pharmaceuticals, chemistry, diagnostics, molecular biology, immunology; medical devices, grafts, stents, pacemakers, bone replacement materials; analytics; food and feed; organic chemistry; oil, refining, catalysts, performance materials, mineral components, chemical engineering, coating, sputtering, lithography, semiconductor, microsystem technology <span class=\"read-more\"><a href=\"https:\/\/www.nebens.eu\/en\/mechanical-electronics\/\">click<\/a><\/span><\/p>\n<p>[\/et_pb_blurb][\/et_pb_column][et_pb_column type=&#8221;1_3&#8243; _builder_version=&#8221;4.24.2&#8243; _module_preset=&#8221;default&#8221; global_colors_info=&#8221;{}&#8221;][et_pb_blurb title=&#8221;Mechanical, Electronics&#8221; image=&#8221;https:\/\/www.nebens.eu\/wp-content\/uploads\/2024\/05\/icon_tm.png&#8221; alt=&#8221;Trademarks, Designs&#8221; icon_alignment=&#8221;left&#8221; _builder_version=&#8221;4.25.0&#8243; _module_preset=&#8221;default&#8221; global_colors_info=&#8221;{}&#8221;]EU trademarks, German trademarks, International (WIPO) and US Trademarks, corporate design, opposition and trademark prosecution, availability searches, copy right, design right, EU designs, German design registrations, keyword advertising, unfair competition, <span class=\"read-more\"><a href=\"https:\/\/www.nebens.eu\/en\/life-science-chemistry\/\">click<\/a><\/span><\/p>\n<p>[\/et_pb_blurb][\/et_pb_column][\/et_pb_row][\/et_pb_section][et_pb_section fb_built=&#8221;1&#8243; _builder_version=&#8221;4.25.0&#8243; _module_preset=&#8221;default&#8221; background_color=&#8221;#A9B5B7&#8243; global_colors_info=&#8221;{}&#8221;][et_pb_row column_structure=&#8221;1_3,2_3&#8243; _builder_version=&#8221;4.25.0&#8243; _module_preset=&#8221;default&#8221; global_colors_info=&#8221;{}&#8221;][et_pb_column type=&#8221;1_3&#8243; _builder_version=&#8221;4.25.0&#8243; _module_preset=&#8221;default&#8221; global_colors_info=&#8221;{}&#8221;][et_pb_text _builder_version=&#8221;4.25.0&#8243; _module_preset=&#8221;default&#8221; text_font_size=&#8221;1.2rem&#8221; header_2_font=&#8221;|600|||||||&#8221; background_layout=&#8221;dark&#8221; global_colors_info=&#8221;{}&#8221;]<\/p>\n<h2>Share with us your questions, discoveries, innovations and developments.<\/h2>\n<p>[\/et_pb_text][\/et_pb_column][et_pb_column type=&#8221;2_3&#8243; _builder_version=&#8221;4.25.0&#8243; _module_preset=&#8221;default&#8221; global_colors_info=&#8221;{}&#8221;][et_pb_text _builder_version=&#8221;4.25.0&#8243; _module_preset=&#8221;default&#8221; background_layout=&#8221;dark&#8221; global_colors_info=&#8221;{}&#8221;]Diversity, inclusion and individuality. Our team combines thorough scientific understanding with an entrepreneurial mindset and solid expertise. All our professionals have Ph.D. degrees and have worked either in the industry or in senior patent management roles for many years.[\/et_pb_text][\/et_pb_column][\/et_pb_row][\/et_pb_section]<\/p>\n","protected":false},"excerpt":{"rendered":"<p>We share your passion for science and innovation NEBENS steht f\u00fcr unser Team aus Patentanw\u00e4lten, Ingenieuren und Wissenschaftlern zum Schutz des geistigen Eigentums in Deutschland, Europa und \u00dcbersee.\u00a0 Wir recherchieren und sch\u00fctzen weltweit Ihre Erfindung oder Entwicklung und beraten Sie\u00a0in allen Bereichen des gewerblichen Rechtsschutzes, auch\u00a0bez\u00fcglich Marketingstrategien.\u00a0 Wir sind zugelassen\u00a0beim Deutschen Patent- und Markenamt, Europ\u00e4ischen [&hellip;]<\/p>\n","protected":false},"author":1,"featured_media":49,"parent":0,"menu_order":0,"comment_status":"closed","ping_status":"closed","template":"","meta":{"_et_pb_use_builder":"on","_et_pb_old_content":"","_et_gb_content_width":"","footnotes":""},"class_list":["post-129","page","type-page","status-publish","has-post-thumbnail","hentry"],"_links":{"self":[{"href":"https:\/\/www.nebens.eu\/en\/wp-json\/wp\/v2\/pages\/129","targetHints":{"allow":["GET"]}}],"collection":[{"href":"https:\/\/www.nebens.eu\/en\/wp-json\/wp\/v2\/pages"}],"about":[{"href":"https:\/\/www.nebens.eu\/en\/wp-json\/wp\/v2\/types\/page"}],"author":[{"embeddable":true,"href":"https:\/\/www.nebens.eu\/en\/wp-json\/wp\/v2\/users\/1"}],"replies":[{"embeddable":true,"href":"https:\/\/www.nebens.eu\/en\/wp-json\/wp\/v2\/comments?post=129"}],"version-history":[{"count":13,"href":"https:\/\/www.nebens.eu\/en\/wp-json\/wp\/v2\/pages\/129\/revisions"}],"predecessor-version":[{"id":266,"href":"https:\/\/www.nebens.eu\/en\/wp-json\/wp\/v2\/pages\/129\/revisions\/266"}],"wp:featuredmedia":[{"embeddable":true,"href":"https:\/\/www.nebens.eu\/en\/wp-json\/wp\/v2\/media\/49"}],"wp:attachment":[{"href":"https:\/\/www.nebens.eu\/en\/wp-json\/wp\/v2\/media?parent=129"}],"curies":[{"name":"wp","href":"https:\/\/api.w.org\/{rel}","templated":true}]}}